

{"id":284,"date":"2023-02-23T16:25:36","date_gmt":"2023-02-23T07:25:36","guid":{"rendered":"https:\/\/miraic.com.vn\/?page_id=284"},"modified":"2023-03-28T16:52:02","modified_gmt":"2023-03-28T07:52:02","slug":"privacypolicy","status":"publish","type":"page","link":"https:\/\/miraic.com.vn\/vi\/privacypolicy\/","title":{"rendered":"Ch\u00ednh s\u00e1ch b\u1ea3o m\u1eadt"},"content":{"rendered":"<h2>CH\u00cdNH S\u00c1CH QUY\u1ec0N RI\u00caNG T\u01af <br \/>(PH\u01af\u01a0NG CH\u00c2M B\u1ea2O V\u1ec6 TH\u00d4NG TIN C\u00c1 NH\u00c2N)<\/h2>\n<div class=\"frame_blue\">\n<p class=\"\">C\u00d4NG TY TNHH NIPPON MIRAI (sau \u0111\u00e2y g\u1ecdi l\u00e0 &#8220;ch\u00fang t\u00f4i&#8221;) thi\u1ebft l\u1eadp ch\u00ednh s\u00e1ch quy\u1ec1n ri\u00eang t\u01b0 (sau \u0111\u00e2y g\u1ecdi l\u00e0 &#8220;ch\u00ednh s\u00e1ch n\u00e0y&#8221;) li\u00ean quan \u0111\u1ebfn th\u00f4ng tin c\u00e1 nh\u00e2n c\u1ee7a ng\u01b0\u1eddi d\u00f9ng theo nh\u01b0 n\u1ed9i dung b\u00ean d\u01b0\u1edbi. Ch\u00ednh s\u00e1ch n\u00e0y gi\u1ea3i th\u00edch nh\u1eefng th\u00f4ng tin c\u00e1 nh\u00e2n n\u00e0o ch\u00fang t\u00f4i thu th\u1eadp, ch\u00fang t\u00f4i s\u1eed d\u1ee5ng v\u00e0 chia s\u1ebb th\u00f4ng tin \u0111\u00f3 nh\u01b0 th\u1ebf n\u00e0o, ng\u01b0\u1eddi d\u00f9ng c\u00f3 th\u1ec3 ki\u1ec3m so\u00e1t th\u00f4ng tin c\u00e1 nh\u00e2n c\u1ee7a m\u00ecnh nh\u01b0 th\u1ebf n\u00e0o.<\/p>\n<\/div>\n<h3>TH\u00d4NG TIN DOANH NGHI\u1ec6P<\/h3>\n<section class=\"clearfix\">\n<p class=\"\">\u0110\u1ecaA CH\u1ec8: T\u1ea7ng 7, s\u1ed1 7 L\u00fd T\u1ef1 Tr\u1ecdng, Ph\u01b0\u1eddng B\u1ebfn Ngh\u00e9, Qu\u1eadn 1, Th\u00e0nh ph\u1ed1 H\u1ed3 Ch\u00ed Minh, Vi\u1ec7t Nam<br \/>\n    \uff087th Floor, Building No.07 Ly Tu Trong, Ben Nghe Ward, District 1, HCM City, Viet Nam\uff09<br \/>\n    NG\u01af\u1edcI \u0110\u1ea0I DI\u1ec6N\uff1a\u5c71\u672c\u3000\u771f\u4f51 (Yamamoto Shinsuke)<\/p>\n<\/section>\n<h3>PH\u01af\u01a0NG PH\u00c1P THU TH\u1eacP TH\u00d4NG TIN C\u00c1 NH\u00c2N<\/h3>\n<section class=\"clearfix\">\n<p class=\"\">Khi ng\u01b0\u1eddi d\u00f9ng \u0111\u0103ng k\u00fd s\u1eed d\u1ee5ng, ch\u00fang t\u00f4i s\u1ebd thu th\u1eadp th\u00f4ng tin c\u00f3 th\u1ec3 nh\u1eadn d\u1ea1ng m\u1ed9t c\u00e1 nh\u00e2n ch\u1eb3ng h\u1ea1n nh\u01b0 t\u00ean, ng\u00e0y sinh, \u0111\u1ecba ch\u1ec9, s\u1ed1 \u0111i\u1ec7n tho\u1ea1i v\u00e0 \u0111\u1ecba ch\u1ec9 email. <br \/>Khi g\u1eedi li\u00ean h\u1ec7 ho\u1eb7c nh\u1eadn x\u00e9t, ch\u00fang t\u00f4i s\u1ebd c\u00f3 \u0111\u01b0\u1ee3c t\u00ean, s\u1ed1 \u0111i\u1ec7n tho\u1ea1i v\u00e0 \u0111\u1ecba ch\u1ec9 email.<\/p>\n<\/section>\n<h3>M\u1ee4C \u0110\u00cdCH S\u1eec D\u1ee4NG TH\u00d4NG TIN C\u00c1 NH\u00c2N<\/h3>\n<section class=\"clearfix\">\n<ol class=\"list_number\">\n<li>H\u01b0\u1edbng d\u1eabn v\u00e0 cung c\u1ea5p c\u00e1c d\u1ecbch v\u1ee5 kh\u00e1c nhau c\u1ee7a c\u00e1c c\u00f4ng ty thu\u1ed9c t\u1eadp do\u00e0n Mirai Consulting.<\/li>\n<li>Cung c\u1ea5p th\u00f4ng tin th\u00f4ng qua c\u00e1c \u1ea5n ph\u1ea9m (bao g\u1ed3m b\u1ea3n tin, website, e-mail,\u2026) c\u1ee7a c\u00e1c c\u00f4ng ty thu\u1ed9c t\u1eadp \u0111o\u00e0n Mirai Consulting, c\u0169ng nh\u01b0 b\u00e1n c\u00e1c \u1ea5n ph\u1ea9m n\u00e0y.<\/li>\n<li>Th\u00f4ng tin v\u1ec1 vi\u1ec7c t\u1ed5 ch\u1ee9c c\u00e1c bu\u1ed5i h\u1ed9i th\u1ea3o v\u00e0 \u0111\u00e0o t\u1ea1o kh\u00e1c nhau v\u00e0 c\u00e1ch th\u1ee9c t\u1ed5 ch\u1ee9c (bao g\u1ed3m \u0111\u1ed3ng t\u1ed5 ch\u1ee9 (\u0111\u1ed3ng t\u00e0i tr\u1ee3) ho\u1eb7c h\u1ed7 tr\u1ee3 cho c\u00e1c bu\u1ed5i n\u00e0y).<\/li>\n<li>Li\u00ean l\u1ea1c l\u1ecbch tr\u00ecnh ph\u1ecfng v\u1ea5n, l\u1ef1a ch\u1ecdn \u1ee9ng vi\u00ean (bao g\u1ed3m nh\u00e2n vi\u00ean \u0111ang l\u00e0m vi\u1ec7c cho ch\u00fang t\u00f4i v\u00e0 qu\u1ea3n l\u00fd nh\u00e2n s\u1ef1 sau khi tuy\u1ec3n d\u1ee5ng.<\/li>\n<li>Kh\u1ea3o s\u00e1t, ph\u00e2n t\u00edch, th\u1ed1ng k\u00ea, t\u01b0 v\u1ea5n li\u00ean quan \u0111\u1ebfn c\u00e1c d\u1ecbch v\u1ee5 c\u00e1c ho\u1ea1t \u0111\u1ed9ng tuy\u1ec3n d\u1ee5ng v\u00e0 c\u00e1c d\u1ecbch v\u1ee5 do c\u00e1c c\u00f4ng ty thu\u1ed9c t\u1eadp \u0111o\u00e0n Mirai Consulting cung c\u1ea5p.<\/li>\n<li> Gi\u1ea3i \u0111\u00e1p m\u1ecdi th\u1eafc m\u1eafc, li\u00ean h\u1ec7 t\u1eeb Qu\u00fd kh\u00e1ch h\u00e0ng.<\/li>\n<li>T\u1ea5t c\u1ea3 c\u00e1c nghi\u1ec7p v\u1ee5 nh\u01b0 \u0111\u00e3 n\u00f3i \u1edf tr\u00ean<\/li>\n<\/ol>\n<\/section>\n<h3>C\u00c1C BI\u1ec6N PH\u00c1P \u0110\u1ec2 QU\u1ea2N L\u00dd AN TO\u00c0N D\u1eee LI\u1ec6U C\u00c1 NH\u00c2N<\/h3>\n<section class=\"clearfix\">\n<p class=\"\">Ch\u00fang t\u00f4i lu\u00f4n n\u1ed7 l\u1ef1c gi\u1eef cho th\u00f4ng tin c\u00e1 nh\u00e2n ch\u00ednh x\u00e1c v\u00e0 lu\u00f4n \u1edf tr\u1ea1ng th\u00e1i c\u1eadp nh\u1eadt m\u1edbi nh\u1ea5t, \u0111\u1ed3ng th\u1eddi c\u0169ng th\u1ef1c hi\u1ec7n \u0111\u00e0o t\u1ea1o cho t\u1ea5t c\u1ea3 nh\u00e2n vi\u00ean v\u00e0 l\u00e3nh \u0111\u1ea1o \u0111\u1ec3 ch\u1ed1ng truy c\u1eadp tr\u00e1i ph\u00e9p, l\u00e0m sai l\u1ec7ch, r\u00f2 r\u1ec9, m\u1ea5t m\u00e1t v\u00e0 h\u01b0 h\u1ecfng. Ngo\u00e0i ra, ch\u00fang t\u00f4i \u0111\u00e3 thi\u1ebft l\u1eadp c\u00e1c quy \u0111\u1ecbnh b\u1ea3o v\u1ec7 th\u00f4ng tin c\u00e1 nh\u00e2n v\u00e0 th\u01b0\u1eddng xuy\u00ean ki\u1ec3m tra vi\u1ec7c qu\u1ea3n l\u00fd.<\/p>\n<\/section>\n<h3>S\u1eec D\u1ee4NG CHUNG D\u1eee LI\u1ec6U C\u00c1 NH\u00c2N<\/h3>\n<section class=\"clearfix\">\n<p class=\"\">Ch\u00fang t\u00f4i s\u1eed d\u1ee5ng chung d\u1eef li\u1ec7u c\u00e1 nh\u00e2n nh\u01b0 sau:<\/p>\n<p class=\"\">Ch\u1ecbu tr\u00e1ch nhi\u1ec7m li\u00ean quan \u0111\u1ebfn vi\u1ec7c qu\u1ea3n l\u00fd d\u1eef li\u1ec7u c\u00e1 nh\u00e2n: C\u00d4NG TY NIPPON MIRAI \u2013 SHINSHUKE YAMAMOTO<br \/>\nM\u1ee5c \u0111\u00edch s\u1eed d\u1ee5ng c\u1ee7a ng\u01b0\u1eddi d\u00f9ng chung: Nh\u01b0 n\u1ed9i dung &#8220;M\u1ee5c \u0111\u00edch s\u1eed d\u1ee5ng&#8221; \u1edf tr\u00ean.<br \/>\nH\u1ea1ng m\u1ee5c s\u1eed d\u1ee5ng: t\u00ean, \u0111\u1ecba ch\u1ec9, s\u1ed1 \u0111i\u1ec7n tho\u1ea1i, \u0111\u1ecba ch\u1ec9 e-mail <br \/>\nPh\u1ea1m vi s\u1eed d\u1ee5ng chung: c\u00e1c c\u00f4ng ty thu\u1ed9c t\u1eadp \u0111o\u00e0n Mirai Consulting<\/p>\n<\/section>\n<h3>V\u1ec2 VI\u1ec6C CUNG C\u1ea4P D\u1eee LI\u1ec6U C\u00c1 NH\u00c2N CHO B\u00caN TH\u1ee8 BA<\/h3>\n<section class=\"clearfix\">\n<p class=\"\">Tr\u1eeb khi ph\u1ea3i tu\u00e2n theo quy \u0111\u1ecbnh v\u00e0 h\u01b0\u1edbng d\u1eabn c\u1ee7a lu\u1eadt ph\u00e1p th\u00ec ch\u00fang t\u00f4i s\u1ebd kh\u00f4ng cung c\u1ea5p th\u00f4ng tin c\u00e1 nh\u00e2n cho b\u00ean th\u1ee9 ba m\u00e0 kh\u00f4ng \u0111\u01b0\u1ee3c s\u1ef1 \u0111\u1ed3ng \u00fd.<\/p>\n<\/section>\n<h3>TI\u1ebeT L\u1ed8 C\u00d4NG KHAI V\u00c0 CH\u1ec8NH S\u1eecA D\u1eee LI\u1ec6U C\u00c1 NH\u00c2N \u0110\u01af\u1ee2C L\u01afU GI\u1eee<\/h3>\n<section class=\"clearfix\">\n<p class=\"\">Khi \u0111\u01b0\u1ee3c ch\u00ednh ch\u1ee7 y\u00eau c\u1ea7u ti\u1ebft l\u1ed9 c\u00f4ng khai th\u00f4ng tin c\u00e1 nh\u00e2n, ch\u00fang t\u00f4i s\u1ebd cung c\u1ea5p th\u00f4ng tin \u0111\u00f3 cho ng\u01b0\u1eddi \u0111\u00f3 ngay l\u1eadp t\u1ee9c. N\u1ebfu Qu\u00fd kh\u00e1ch h\u00e0ng c\u00f3 y\u00eau c\u1ea7u th\u00f4ng b\u00e1o v\u1ec1 m\u1ee5c \u0111\u00edch s\u1eed d\u1ee5ng th\u00f4ng tin c\u00e1 nh\u00e2n, ch\u1ec9nh s\u1eeda, b\u1ed5 sung, x\u00f3a, ng\u1eebng s\u1eed d\u1ee5ng, ng\u1eebng cung c\u1ea5p cho b\u00ean th\u1ee9 ba, vui l\u00f2ng g\u1eedi form m\u1eabu y\u00eau c\u1ea7u.<\/p>\n<p class=\"\">NG\u01af\u1edcI LI\u00caN H\u1ec6: SHINSUKE YAMAMOTO<\/p>\n<\/section>\n<h3>LI\u00caN H\u1ec6 T\u01af V\u1ea4N V\u00c0 KHI\u1ebeU N\u1ea0I LI\u00caN QUAN \u0110\u1ebeN VI\u1ec6C X\u1eec L\u00dd TH\u00d4NG TIN C\u00c1 NH\u00c2N<\/h3>\n<section class=\"clearfix\">\n<p class=\"\">N\u1ebfu Qu\u00fd kh\u00e1ch h\u00e0ng c\u00f3 b\u1ea5t k\u1ef3 c\u00e2u h\u1ecfi, th\u1eafc m\u1eafc, khi\u1ebfu n\u1ea1i ho\u1eb7c y\u00eau c\u1ea7u n\u00e0o kh\u00e1c li\u00ean quan \u0111\u1ebfn vi\u1ec7c x\u1eed l\u00fd th\u00f4ng tin c\u00e1 nh\u00e2n c\u1ee7a ch\u00fang t\u00f4i, vui l\u00f2ng li\u00ean h\u1ec7 b\u1eb1ng c\u00e1ch s\u1eed d\u1ee5ng form m\u1eabu y\u00eau c\u1ea7u.<\/p>\n<\/section>\n<h3>V\u1ec0 SSL (Secure Socket Layer) <\/h3>\n<section class=\"clearfix\">\n<p class=\"\">Website c\u1ee7a ch\u00fang t\u00f4i s\u1eed d\u1ee5ng ti\u00eau chu\u1ea9n c\u00f4ng ngh\u1ec7 SSL v\u00e0 m\u00e3 h\u00f3a giao ti\u1ebfp gi\u1eefa tr\u00ecnh duy\u1ec7t web v\u00e0 m\u00e1y ch\u1ee7 web. Th\u00f4ng tin c\u00e1 nh\u00e2n do ng\u01b0\u1eddi d\u00f9ng nh\u1eadp nh\u01b0 t\u00ean, \u0111\u1ecba ch\u1ec9 v\u00e0 s\u1ed1 \u0111i\u1ec7n tho\u1ea1i, s\u1ebd t\u1ef1 \u0111\u1ed9ng \u0111\u01b0\u1ee3c m\u00e3 h\u00f3a.<\/p>\n<\/section>\n<h3>V\u1ec0 cookie<\/h3>\n<section class=\"clearfix\">\n<p class=\"\">cookie l\u00e0 d\u1eef li\u1ec7u \u0111\u01b0\u1ee3c g\u1eedi t\u1eeb m\u00e1y ch\u1ee7 web \u0111\u1ebfn tr\u00ecnh duy\u1ec7t web. M\u00e1y ch\u1ee7 web c\u00f3 th\u1ec3 x\u00e1c \u0111\u1ecbnh m\u00e1y t\u00ednh c\u1ee7a ng\u01b0\u1eddi d\u00f9ng b\u1eb1ng c\u00e1ch tham kh\u1ea3o cookie v\u00e0 c\u00f3 th\u1ec3 s\u1eed d\u1ee5ng hi\u1ec7u qu\u1ea3 h\u01a1n n\u1eefa website c\u1ee7a ch\u00fang t\u00f4i. C\u00e1c t\u1eadp tin \u0111\u01b0\u1ee3c g\u1eedi b\u1edfi website c\u1ee7a ch\u00fang t\u00f4i d\u01b0\u1edbi d\u1ea1ng cookie kh\u00f4ng ch\u1ee9a th\u00f4ng tin nh\u1eadn d\u1ea1ng c\u00e1 nh\u00e2n.<\/p>\n<p class=\"\">Qu\u00fd kh\u00e1ch h\u00e0ng c\u00f3 th\u1ec3 t\u1eaft cookie b\u1eb1ng c\u00e1ch c\u00e0i \u0111\u1eb7t tr\u00ecnh duy\u1ec7t web c\u1ee7a m\u00ecnh.<\/p>\n<\/section>\n<h3>NG\u00c0Y BAN H\u00c0NH V\u00c0 S\u1eecA \u0110\u1ed4I CH\u00cdNH S\u00c1CH QUY\u1ec0N RI\u00caNG T\u01af<\/h3>\n<section class=\"clearfix\">\n<p class=\"\">Ban h\u00e0nh:  1\/2\/\/2023<\/p>\n<\/section>\n<h3>T\u1eea CH\u1ed0I TR\u00c1CH NHI\u1ec6M<\/h3>\n<section class=\"clearfix\">\n<p class=\"\">Ch\u00fang t\u00f4i n\u1ed7 l\u1ef1c h\u1ebft s\u1ee9c m\u00ecnh \u0111\u1ec3 \u0111\u1ea3m b\u1ea3o t\u00ednh ch\u00ednh x\u00e1c c\u1ee7a th\u00f4ng tin \u0111\u01b0\u1ee3c \u0111\u0103ng tr\u00ean website c\u1ee7a ch\u00fang t\u00f4i, nh\u01b0ng ch\u00fang t\u00f4i s\u1ebd kh\u00f4ng ch\u1ecbu b\u1ea5t k\u1ef3 tr\u00e1ch nhi\u1ec7m n\u00e0o \u0111\u1ed1i v\u1edbi b\u1ea5t k\u1ef3 h\u00e0nh \u0111\u1ed9ng n\u00e0o m\u00e0 ng\u01b0\u1eddi d\u00f9ng th\u1ef1c hi\u1ec7n khi s\u1eed d\u1ee5ng th\u00f4ng tin tr\u00ean website c\u1ee7a ch\u00fang t\u00f4i. C\u00f4ng ty s\u1ebd kh\u00f4ng ch\u1ecbu tr\u00e1ch nhi\u1ec7m v\u1ec1 b\u1ea5t k\u1ef3 thi\u1ec7t h\u1ea1i n\u00e0o g\u00e2y ra cho ng\u01b0\u1eddi d\u00f9ng v\u00e0 do ng\u01b0\u1eddi d\u00f9ng g\u00e2y ra cho b\u00ean th\u1ee9 ba khi s\u1eed d\u1ee5ng website c\u1ee7a ch\u00fang t\u00f4i.<\/p>\n<\/section>\n<h3>B\u1ea2N QUY\u1ec0N \u2013 B\u1ea2N QUY\u1ec0N H\u00ccNH \u1ea2NH<\/h3>\n<section class=\"clearfix\">\n<p class=\"\">C\u00e1c v\u0103n b\u1ea3n, h\u00ecnh \u1ea3nh v\u00e0 t\u1ea5t c\u1ea3 n\u1ed9i dung tr\u00ean website c\u1ee7a ch\u00fang t\u00f4i \u0111\u01b0\u1ee3c b\u1ea3o v\u1ec7 b\u1edfi b\u1ea3n quy\u1ec1n, b\u1ea3n quy\u1ec1n h\u00ecnh \u1ea3nh,\u2026 Vi\u1ec7c s\u1eed d\u1ee5ng tr\u00e1i ph\u00e1p ho\u1eb7c s\u1eed d\u1ee5ng sai m\u1ee5c \u0111\u00edch \u0111\u1ec1u b\u1ecb c\u1ea5m.<\/p>\n<\/section>\n<h3>LINK<\/h3>\n<section class=\"clearfix\">\n<p class=\"\">Qu\u00fd kh\u00e1ch h\u00e0ng c\u00f3 th\u1ec3 \u0111\u1eb7t \u0111\u01b0\u1eddng d\u1eabn li\u00ean k\u1ebft \u0111\u1ebfn website c\u1ee7a ch\u00fang t\u00f4i. Tuy nhi\u00ean, ch\u00fang t\u00f4i c\u00f3 th\u1ec3 t\u1eeb ch\u1ed1i thi\u1ebft l\u1eadp li\u00ean k\u1ebft t\u00f9y thu\u1ed9c v\u00e0o n\u1ed9i dung c\u1ee7a website.<\/p>\n<\/section>\n<div class=\"contact_bnr\">\n<dl>\n<dt>Mirai Consulting Vietnam<\/dt>\n<dd>(T\u00ean d\u0103ng k\u00fd: Niipon Mirai Company\uff09<\/dd>\n<\/dl>\n<ul class=\"contact_bnrinfo\">\n<li class=\"tel\"><a href=\"tel:(+84)766551686\" class=\"sweetlink\" onclick=\"ga('send', 'event', 'sp', 'tel')\">(+84) 76-655-1686<\/a><\/li>\n<\/ul>\n<\/div>\n<div class=\"contact_listbtn\">\n<p class=\"btn\"><a href=\"https:\/\/miraic.com.vn\">Tr\u1edf v\u1ec1 Trang ch\u1ee7<\/a><\/p>\n<\/div>\n","protected":false},"excerpt":{"rendered":"<p>CH\u00cdNH S\u00c1CH QUY\u1ec0N RI\u00caNG T\u01af (PH\u01af\u01a0NG CH\u00c2M B\u1ea2O V\u1ec6 TH\u00d4NG TIN C\u00c1 NH\u00c2N) C\u00d4NG TY TNHH NIPPON MIRAI (sau \u0111\u00e2y g\u1ecdi l\u00e0 &#8220;ch\u00fang t\u00f4i&#8221;) thi\u1ebft l\u1eadp ch\u00ednh s\u00e1ch quy\u1ec1n ri\u00eang t\u01b0 (sau \u0111\u00e2y g\u1ecdi l\u00e0 &#8220;ch\u00ednh s\u00e1ch n\u00e0y&#8221;) li\u00ean quan \u0111\u1ebfn th\u00f4ng tin c\u00e1 nh\u00e2n c\u1ee7a ng\u01b0\u1eddi d\u00f9ng theo nh\u01b0 n\u1ed9i dung b\u00ean d\u01b0\u1edbi. Ch\u00ednh [&hellip;]<\/p>\n","protected":false},"author":1,"featured_media":0,"parent":0,"menu_order":0,"comment_status":"closed","ping_status":"closed","template":"","meta":{"_locale":"vi","_original_post":"https:\/\/miraic.com.vn\/?page_id=169","footnotes":""},"class_list":["post-284","page","type-page","status-publish","hentry","vi"],"acf":[],"_links":{"self":[{"href":"https:\/\/miraic.com.vn\/wp-json\/wp\/v2\/pages\/284","targetHints":{"allow":["GET"]}}],"collection":[{"href":"https:\/\/miraic.com.vn\/wp-json\/wp\/v2\/pages"}],"about":[{"href":"https:\/\/miraic.com.vn\/wp-json\/wp\/v2\/types\/page"}],"author":[{"embeddable":true,"href":"https:\/\/miraic.com.vn\/wp-json\/wp\/v2\/users\/1"}],"replies":[{"embeddable":true,"href":"https:\/\/miraic.com.vn\/wp-json\/wp\/v2\/comments?post=284"}],"version-history":[{"count":6,"href":"https:\/\/miraic.com.vn\/wp-json\/wp\/v2\/pages\/284\/revisions"}],"predecessor-version":[{"id":521,"href":"https:\/\/miraic.com.vn\/wp-json\/wp\/v2\/pages\/284\/revisions\/521"}],"wp:attachment":[{"href":"https:\/\/miraic.com.vn\/wp-json\/wp\/v2\/media?parent=284"}],"curies":[{"name":"wp","href":"https:\/\/api.w.org\/{rel}","templated":true}]}}