

{"id":262,"date":"2023-02-22T21:42:40","date_gmt":"2023-02-22T12:42:40","guid":{"rendered":"https:\/\/miraic.com.vn\/?page_id=262"},"modified":"2023-03-28T12:26:49","modified_gmt":"2023-03-28T03:26:49","slug":"contact","status":"publish","type":"page","link":"https:\/\/miraic.com.vn\/vi\/contact\/","title":{"rendered":"Li\u00ean h\u1ec7"},"content":{"rendered":"<div class=\"contacttop\">\n<ul class=\"contacttop_list\">\n<li class=\"active\"><span class=\"\">STEP<br \/>01<\/span>\u0110i\u1ec1n bi\u1ec3u m\u1eabu<\/li>\n<li class=\"\"><span class=\"\">STEP<br \/>02<\/span>X\u00e1c nh\u1eadn<\/li>\n<li class=\"\"><span class=\"\">STEP<br \/>03<\/span>G\u1eedi<\/li>\n<\/ul>\n<p>Vui l\u00f2ng \u0111i\u1ec1n v\u00e0o form m\u1eabu b\u00ean d\u01b0\u1edbi, click v\u00e0o &#8220;X\u00e1c nh\u1eadn n\u1ed9i dung \u0111\u00e3 \u0111i\u1ec1n&#8221;, ki\u1ec3m tra n\u1ed9i dung v\u00e0 g\u1eedi \u0111i.<br \/> T\u00f9y thu\u1ed9c v\u00e0o n\u1ed9i dung y\u00eau c\u1ea7u c\u1ee7a Qu\u00fd kh\u00e1ch h\u00e0ng m\u00e0 c\u00f3 th\u1ec3 s\u1ebd m\u1ea5t m\u1ed9t ch\u00fat th\u1eddi gian.<\/p>\n<\/div>\n<div class=\"contact_form contact_index\">\n[mwform_formkey key=&#8221;261&#8243;]\n<\/div>\n","protected":false},"excerpt":{"rendered":"<p>STEP01\u0110i\u1ec1n bi\u1ec3u m\u1eabu STEP02X\u00e1c nh\u1eadn STEP03G\u1eedi Vui l\u00f2ng \u0111i\u1ec1n v\u00e0o form m\u1eabu b\u00ean d\u01b0\u1edbi, click v\u00e0o &#8220;X\u00e1c nh\u1eadn n\u1ed9i dung \u0111\u00e3 \u0111i\u1ec1n&#8221;, ki\u1ec3m tra n\u1ed9i dung v\u00e0 g\u1eedi \u0111i. T\u00f9y thu\u1ed9c v\u00e0o n\u1ed9i dung y\u00eau c\u1ea7u c\u1ee7a Qu\u00fd kh\u00e1ch h\u00e0ng m\u00e0 c\u00f3 th\u1ec3 s\u1ebd m\u1ea5t m\u1ed9t ch\u00fat th\u1eddi gian. [mwform_formkey key=&#8221;261&#8243;]<\/p>\n","protected":false},"author":1,"featured_media":0,"parent":0,"menu_order":0,"comment_status":"closed","ping_status":"closed","template":"","meta":{"_locale":"vi","_original_post":"https:\/\/miraic.com.vn\/?page_id=251","footnotes":""},"class_list":["post-262","page","type-page","status-publish","hentry","vi"],"acf":[],"_links":{"self":[{"href":"https:\/\/miraic.com.vn\/wp-json\/wp\/v2\/pages\/262","targetHints":{"allow":["GET"]}}],"collection":[{"href":"https:\/\/miraic.com.vn\/wp-json\/wp\/v2\/pages"}],"about":[{"href":"https:\/\/miraic.com.vn\/wp-json\/wp\/v2\/types\/page"}],"author":[{"embeddable":true,"href":"https:\/\/miraic.com.vn\/wp-json\/wp\/v2\/users\/1"}],"replies":[{"embeddable":true,"href":"https:\/\/miraic.com.vn\/wp-json\/wp\/v2\/comments?post=262"}],"version-history":[{"count":8,"href":"https:\/\/miraic.com.vn\/wp-json\/wp\/v2\/pages\/262\/revisions"}],"predecessor-version":[{"id":509,"href":"https:\/\/miraic.com.vn\/wp-json\/wp\/v2\/pages\/262\/revisions\/509"}],"wp:attachment":[{"href":"https:\/\/miraic.com.vn\/wp-json\/wp\/v2\/media?parent=262"}],"curies":[{"name":"wp","href":"https:\/\/api.w.org\/{rel}","templated":true}]}}