

{"id":188,"date":"2023-02-22T17:09:15","date_gmt":"2023-02-22T08:09:15","guid":{"rendered":"https:\/\/miraic.com.vn\/?page_id=188"},"modified":"2023-03-29T15:50:09","modified_gmt":"2023-03-29T06:50:09","slug":"market-research-market-development-procurement-support","status":"publish","type":"page","link":"https:\/\/miraic.com.vn\/vi\/service\/advancement-support\/market-research-market-development-procurement-support\/","title":{"rendered":"Nghi\u00ean c\u1ee9u th\u1ecb tr\u01b0\u1eddng, <br>ph\u00e1t tri\u1ec3n th\u1ecb tr\u01b0\u1eddng <br>(k\u00eanh b\u00e1n h\u00e0ng), <br>h\u1ed7 tr\u1ee3 t\u00ecm ngu\u1ed3n cung"},"content":{"rendered":"","protected":false},"excerpt":{"rendered":"","protected":false},"author":1,"featured_media":97,"parent":183,"menu_order":0,"comment_status":"closed","ping_status":"closed","template":"page-tmp-ser.php","meta":{"_locale":"vi","_original_post":"https:\/\/miraic.com.vn\/?page_id=95","footnotes":""},"class_list":["post-188","page","type-page","status-publish","has-post-thumbnail","hentry","vi"],"acf":[],"_links":{"self":[{"href":"https:\/\/miraic.com.vn\/wp-json\/wp\/v2\/pages\/188","targetHints":{"allow":["GET"]}}],"collection":[{"href":"https:\/\/miraic.com.vn\/wp-json\/wp\/v2\/pages"}],"about":[{"href":"https:\/\/miraic.com.vn\/wp-json\/wp\/v2\/types\/page"}],"author":[{"embeddable":true,"href":"https:\/\/miraic.com.vn\/wp-json\/wp\/v2\/users\/1"}],"replies":[{"embeddable":true,"href":"https:\/\/miraic.com.vn\/wp-json\/wp\/v2\/comments?post=188"}],"version-history":[{"count":11,"href":"https:\/\/miraic.com.vn\/wp-json\/wp\/v2\/pages\/188\/revisions"}],"predecessor-version":[{"id":535,"href":"https:\/\/miraic.com.vn\/wp-json\/wp\/v2\/pages\/188\/revisions\/535"}],"up":[{"embeddable":true,"href":"https:\/\/miraic.com.vn\/wp-json\/wp\/v2\/pages\/183"}],"wp:featuredmedia":[{"embeddable":true,"href":"https:\/\/miraic.com.vn\/wp-json\/wp\/v2\/media\/97"}],"wp:attachment":[{"href":"https:\/\/miraic.com.vn\/wp-json\/wp\/v2\/media?parent=188"}],"curies":[{"name":"wp","href":"https:\/\/api.w.org\/{rel}","templated":true}]}}